{"id":7460,"date":"2025-01-10T15:16:12","date_gmt":"2025-01-10T14:16:12","guid":{"rendered":"https:\/\/www.sites.fr\/nuestros-mercados\/industrias-sensibles\/"},"modified":"2025-01-10T15:16:24","modified_gmt":"2025-01-10T14:16:24","slug":"industrias-sensibles","status":"publish","type":"page","link":"https:\/\/validation.sites.fr\/es\/nuestros-mercados\/industrias-sensibles\/","title":{"rendered":"Industrias sensibles"},"content":{"rendered":"<p>Industria manufacturera, qu\u00edmica, petr\u00f3leo y gas, alimentaci\u00f3n y bebidas, estaciones de bombeo<br \/>\nM\u00e1stiles de telecomunicaciones, Pilones, Emplazamientos SEVESO, Embalses, Silos, Equipos y materiales, etc.<\/p>\n","protected":false},"excerpt":{"rendered":"<p>Industria manufacturera, qu\u00edmica, petr\u00f3leo y gas, alimentaci\u00f3n y bebidas, estaciones de bombeo M\u00e1stiles de telecomunicaciones, Pilones, Emplazamientos SEVESO, Embalses, Silos, Equipos y materiales, etc.<\/p>\n","protected":false},"author":1,"featured_media":7117,"parent":7116,"menu_order":4,"comment_status":"closed","ping_status":"closed","template":"","meta":{"_acf_changed":false,"_monsterinsights_skip_tracking":false,"_monsterinsights_sitenote_active":false,"_monsterinsights_sitenote_note":"","_monsterinsights_sitenote_category":0,"footnotes":""},"categories":[639],"class_list":["post-7460","page","type-page","status-publish","has-post-thumbnail","hentry","category-nuestros-mercados"],"acf":[],"yoast_head":"<!-- This site is optimized with the Yoast SEO plugin v26.8 - https:\/\/yoast.com\/product\/yoast-seo-wordpress\/ -->\n<title>Industrias sensibles - SITES<\/title>\n<meta name=\"robots\" content=\"index, follow, max-snippet:-1, max-image-preview:large, max-video-preview:-1\" \/>\n<link rel=\"canonical\" href=\"https:\/\/validation.sites.fr\/es\/nuestros-mercados\/industrias-sensibles\/\" \/>\n<meta property=\"og:locale\" content=\"es_ES\" \/>\n<meta property=\"og:type\" content=\"article\" \/>\n<meta property=\"og:title\" content=\"Industrias sensibles - SITES\" \/>\n<meta property=\"og:description\" content=\"Industria manufacturera, qu\u00edmica, petr\u00f3leo y gas, alimentaci\u00f3n y bebidas, estaciones de bombeo M\u00e1stiles de telecomunicaciones, Pilones, Emplazamientos SEVESO, Embalses, Silos, Equipos y materiales, etc.\" \/>\n<meta property=\"og:url\" content=\"https:\/\/validation.sites.fr\/es\/nuestros-mercados\/industrias-sensibles\/\" \/>\n<meta property=\"og:site_name\" content=\"SITES\" \/>\n<meta property=\"article:modified_time\" content=\"2025-01-10T14:16:24+00:00\" \/>\n<meta property=\"og:image\" content=\"https:\/\/validation.sites.fr\/wp-content\/uploads\/2016\/07\/Usine.jpg\" \/>\n\t<meta property=\"og:image:width\" content=\"1670\" \/>\n\t<meta property=\"og:image:height\" content=\"634\" \/>\n\t<meta property=\"og:image:type\" content=\"image\/jpeg\" \/>\n<meta name=\"twitter:card\" content=\"summary_large_image\" \/>\n<script type=\"application\/ld+json\" class=\"yoast-schema-graph\">{\"@context\":\"https:\/\/schema.org\",\"@graph\":[{\"@type\":\"WebPage\",\"@id\":\"https:\/\/validation.sites.fr\/es\/nuestros-mercados\/industrias-sensibles\/\",\"url\":\"https:\/\/validation.sites.fr\/es\/nuestros-mercados\/industrias-sensibles\/\",\"name\":\"Industrias sensibles - SITES\",\"isPartOf\":{\"@id\":\"https:\/\/validation.sites.fr\/#website\"},\"primaryImageOfPage\":{\"@id\":\"https:\/\/validation.sites.fr\/es\/nuestros-mercados\/industrias-sensibles\/#primaryimage\"},\"image\":{\"@id\":\"https:\/\/validation.sites.fr\/es\/nuestros-mercados\/industrias-sensibles\/#primaryimage\"},\"thumbnailUrl\":\"https:\/\/validation.sites.fr\/wp-content\/uploads\/2016\/07\/Usine.jpg\",\"datePublished\":\"2025-01-10T14:16:12+00:00\",\"dateModified\":\"2025-01-10T14:16:24+00:00\",\"breadcrumb\":{\"@id\":\"https:\/\/validation.sites.fr\/es\/nuestros-mercados\/industrias-sensibles\/#breadcrumb\"},\"inLanguage\":\"es\",\"potentialAction\":[{\"@type\":\"ReadAction\",\"target\":[\"https:\/\/validation.sites.fr\/es\/nuestros-mercados\/industrias-sensibles\/\"]}]},{\"@type\":\"ImageObject\",\"inLanguage\":\"es\",\"@id\":\"https:\/\/validation.sites.fr\/es\/nuestros-mercados\/industrias-sensibles\/#primaryimage\",\"url\":\"https:\/\/validation.sites.fr\/wp-content\/uploads\/2016\/07\/Usine.jpg\",\"contentUrl\":\"https:\/\/validation.sites.fr\/wp-content\/uploads\/2016\/07\/Usine.jpg\",\"width\":1670,\"height\":634},{\"@type\":\"BreadcrumbList\",\"@id\":\"https:\/\/validation.sites.fr\/es\/nuestros-mercados\/industrias-sensibles\/#breadcrumb\",\"itemListElement\":[{\"@type\":\"ListItem\",\"position\":1,\"name\":\"Accueil\",\"item\":\"https:\/\/validation.sites.fr\/es\/\"},{\"@type\":\"ListItem\",\"position\":2,\"name\":\"Nuestros Mercados\",\"item\":\"https:\/\/validation.sites.fr\/es\/nuestros-mercados\/\"},{\"@type\":\"ListItem\",\"position\":3,\"name\":\"Industrias sensibles\"}]},{\"@type\":\"WebSite\",\"@id\":\"https:\/\/validation.sites.fr\/#website\",\"url\":\"https:\/\/validation.sites.fr\/\",\"name\":\"SITES\",\"description\":\"Ing\u00e9nierie, surveillance pr\u00e9ventive des structures\",\"publisher\":{\"@id\":\"https:\/\/validation.sites.fr\/#organization\"},\"potentialAction\":[{\"@type\":\"SearchAction\",\"target\":{\"@type\":\"EntryPoint\",\"urlTemplate\":\"https:\/\/validation.sites.fr\/?s={search_term_string}\"},\"query-input\":{\"@type\":\"PropertyValueSpecification\",\"valueRequired\":true,\"valueName\":\"search_term_string\"}}],\"inLanguage\":\"es\"},{\"@type\":\"Organization\",\"@id\":\"https:\/\/validation.sites.fr\/#organization\",\"name\":\"SITES\",\"url\":\"https:\/\/validation.sites.fr\/\",\"logo\":{\"@type\":\"ImageObject\",\"inLanguage\":\"es\",\"@id\":\"https:\/\/validation.sites.fr\/#\/schema\/logo\/image\/\",\"url\":\"https:\/\/www.sites.fr\/wp-content\/uploads\/2024\/02\/Logo-SITES-OK.png\",\"contentUrl\":\"https:\/\/www.sites.fr\/wp-content\/uploads\/2024\/02\/Logo-SITES-OK.png\",\"width\":2480,\"height\":1748,\"caption\":\"SITES\"},\"image\":{\"@id\":\"https:\/\/validation.sites.fr\/#\/schema\/logo\/image\/\"},\"sameAs\":[\"https:\/\/www.linkedin.com\/company\/sites-sas-france\/\"]}]}<\/script>\n<!-- \/ Yoast SEO plugin. -->","yoast_head_json":{"title":"Industrias sensibles - SITES","robots":{"index":"index","follow":"follow","max-snippet":"max-snippet:-1","max-image-preview":"max-image-preview:large","max-video-preview":"max-video-preview:-1"},"canonical":"https:\/\/validation.sites.fr\/es\/nuestros-mercados\/industrias-sensibles\/","og_locale":"es_ES","og_type":"article","og_title":"Industrias sensibles - SITES","og_description":"Industria manufacturera, qu\u00edmica, petr\u00f3leo y gas, alimentaci\u00f3n y bebidas, estaciones de bombeo M\u00e1stiles de telecomunicaciones, Pilones, Emplazamientos SEVESO, Embalses, Silos, Equipos y materiales, etc.","og_url":"https:\/\/validation.sites.fr\/es\/nuestros-mercados\/industrias-sensibles\/","og_site_name":"SITES","article_modified_time":"2025-01-10T14:16:24+00:00","og_image":[{"width":1670,"height":634,"url":"https:\/\/validation.sites.fr\/wp-content\/uploads\/2016\/07\/Usine.jpg","type":"image\/jpeg"}],"twitter_card":"summary_large_image","schema":{"@context":"https:\/\/schema.org","@graph":[{"@type":"WebPage","@id":"https:\/\/validation.sites.fr\/es\/nuestros-mercados\/industrias-sensibles\/","url":"https:\/\/validation.sites.fr\/es\/nuestros-mercados\/industrias-sensibles\/","name":"Industrias sensibles - SITES","isPartOf":{"@id":"https:\/\/validation.sites.fr\/#website"},"primaryImageOfPage":{"@id":"https:\/\/validation.sites.fr\/es\/nuestros-mercados\/industrias-sensibles\/#primaryimage"},"image":{"@id":"https:\/\/validation.sites.fr\/es\/nuestros-mercados\/industrias-sensibles\/#primaryimage"},"thumbnailUrl":"https:\/\/validation.sites.fr\/wp-content\/uploads\/2016\/07\/Usine.jpg","datePublished":"2025-01-10T14:16:12+00:00","dateModified":"2025-01-10T14:16:24+00:00","breadcrumb":{"@id":"https:\/\/validation.sites.fr\/es\/nuestros-mercados\/industrias-sensibles\/#breadcrumb"},"inLanguage":"es","potentialAction":[{"@type":"ReadAction","target":["https:\/\/validation.sites.fr\/es\/nuestros-mercados\/industrias-sensibles\/"]}]},{"@type":"ImageObject","inLanguage":"es","@id":"https:\/\/validation.sites.fr\/es\/nuestros-mercados\/industrias-sensibles\/#primaryimage","url":"https:\/\/validation.sites.fr\/wp-content\/uploads\/2016\/07\/Usine.jpg","contentUrl":"https:\/\/validation.sites.fr\/wp-content\/uploads\/2016\/07\/Usine.jpg","width":1670,"height":634},{"@type":"BreadcrumbList","@id":"https:\/\/validation.sites.fr\/es\/nuestros-mercados\/industrias-sensibles\/#breadcrumb","itemListElement":[{"@type":"ListItem","position":1,"name":"Accueil","item":"https:\/\/validation.sites.fr\/es\/"},{"@type":"ListItem","position":2,"name":"Nuestros Mercados","item":"https:\/\/validation.sites.fr\/es\/nuestros-mercados\/"},{"@type":"ListItem","position":3,"name":"Industrias sensibles"}]},{"@type":"WebSite","@id":"https:\/\/validation.sites.fr\/#website","url":"https:\/\/validation.sites.fr\/","name":"SITES","description":"Ing\u00e9nierie, surveillance pr\u00e9ventive des structures","publisher":{"@id":"https:\/\/validation.sites.fr\/#organization"},"potentialAction":[{"@type":"SearchAction","target":{"@type":"EntryPoint","urlTemplate":"https:\/\/validation.sites.fr\/?s={search_term_string}"},"query-input":{"@type":"PropertyValueSpecification","valueRequired":true,"valueName":"search_term_string"}}],"inLanguage":"es"},{"@type":"Organization","@id":"https:\/\/validation.sites.fr\/#organization","name":"SITES","url":"https:\/\/validation.sites.fr\/","logo":{"@type":"ImageObject","inLanguage":"es","@id":"https:\/\/validation.sites.fr\/#\/schema\/logo\/image\/","url":"https:\/\/www.sites.fr\/wp-content\/uploads\/2024\/02\/Logo-SITES-OK.png","contentUrl":"https:\/\/www.sites.fr\/wp-content\/uploads\/2024\/02\/Logo-SITES-OK.png","width":2480,"height":1748,"caption":"SITES"},"image":{"@id":"https:\/\/validation.sites.fr\/#\/schema\/logo\/image\/"},"sameAs":["https:\/\/www.linkedin.com\/company\/sites-sas-france\/"]}]}},"_links":{"self":[{"href":"https:\/\/validation.sites.fr\/es\/wp-json\/wp\/v2\/pages\/7460","targetHints":{"allow":["GET"]}}],"collection":[{"href":"https:\/\/validation.sites.fr\/es\/wp-json\/wp\/v2\/pages"}],"about":[{"href":"https:\/\/validation.sites.fr\/es\/wp-json\/wp\/v2\/types\/page"}],"author":[{"embeddable":true,"href":"https:\/\/validation.sites.fr\/es\/wp-json\/wp\/v2\/users\/1"}],"replies":[{"embeddable":true,"href":"https:\/\/validation.sites.fr\/es\/wp-json\/wp\/v2\/comments?post=7460"}],"version-history":[{"count":1,"href":"https:\/\/validation.sites.fr\/es\/wp-json\/wp\/v2\/pages\/7460\/revisions"}],"predecessor-version":[{"id":7462,"href":"https:\/\/validation.sites.fr\/es\/wp-json\/wp\/v2\/pages\/7460\/revisions\/7462"}],"up":[{"embeddable":true,"href":"https:\/\/validation.sites.fr\/es\/wp-json\/wp\/v2\/pages\/7116"}],"wp:featuredmedia":[{"embeddable":true,"href":"https:\/\/validation.sites.fr\/es\/wp-json\/wp\/v2\/media\/7117"}],"wp:attachment":[{"href":"https:\/\/validation.sites.fr\/es\/wp-json\/wp\/v2\/media?parent=7460"}],"wp:term":[{"taxonomy":"category","embeddable":true,"href":"https:\/\/validation.sites.fr\/es\/wp-json\/wp\/v2\/categories?post=7460"}],"curies":[{"name":"wp","href":"https:\/\/api.w.org\/{rel}","templated":true}]}}